{"id":75,"date":"2025-10-30T10:19:50","date_gmt":"2025-10-30T10:19:50","guid":{"rendered":"https:\/\/clustercld.dfmdevelopers.com\/?page_id=75"},"modified":"2025-12-15T15:20:59","modified_gmt":"2025-12-15T15:20:59","slug":"quienes-somos","status":"publish","type":"page","link":"https:\/\/clustercld.dfmdevelopers.com\/?page_id=75","title":{"rendered":"Qui\u00e9nes somos"},"content":{"rendered":"\t\t<div data-elementor-type=\"wp-page\" data-elementor-id=\"75\" class=\"elementor elementor-75\" data-elementor-post-type=\"page\">\n\t\t\t\t<div class=\"elementor-element elementor-element-63ba4bca e-flex e-con-boxed e-con e-parent\" data-id=\"63ba4bca\" data-element_type=\"container\" data-settings=\"{&quot;background_background&quot;:&quot;gradient&quot;,&quot;shape_divider_bottom&quot;:&quot;waves&quot;}\">\n\t\t\t\t\t<div class=\"e-con-inner\">\n\t\t\t\t<div class=\"elementor-shape elementor-shape-bottom\" aria-hidden=\"true\" data-negative=\"false\">\n\t\t\t<svg xmlns=\"http:\/\/www.w3.org\/2000\/svg\" viewBox=\"0 0 1000 100\" preserveAspectRatio=\"none\">\n\t<path class=\"elementor-shape-fill\" d=\"M421.9,6.5c22.6-2.5,51.5,0.4,75.5,5.3c23.6,4.9,70.9,23.5,100.5,35.7c75.8,32.2,133.7,44.5,192.6,49.7\n\tc23.6,2.1,48.7,3.5,103.4-2.5c54.7-6,106.2-25.6,106.2-25.6V0H0v30.3c0,0,72,32.6,158.4,30.5c39.2-0.7,92.8-6.7,134-22.4\n\tc21.2-8.1,52.2-18.2,79.7-24.2C399.3,7.9,411.6,7.5,421.9,6.5z\"\/>\n<\/svg>\t\t<\/div>\n\t\t\t\t<div class=\"elementor-element elementor-element-39305eab elementor-invisible elementor-widget elementor-widget-heading\" data-id=\"39305eab\" data-element_type=\"widget\" data-settings=\"{&quot;_animation&quot;:&quot;fadeInDown&quot;}\" data-widget_type=\"heading.default\">\n\t\t\t\t\t<h1 class=\"elementor-heading-title elementor-size-default\">Qui\u00e9nes somos<\/h1>\t\t\t\t<\/div>\n\t\t\t\t<div class=\"elementor-element elementor-element-2906890e elementor-invisible elementor-widget elementor-widget-heading\" data-id=\"2906890e\" data-element_type=\"widget\" data-settings=\"{&quot;_animation&quot;:&quot;fadeInUp&quot;}\" data-widget_type=\"heading.default\">\n\t\t\t\t\t<h3 class=\"elementor-heading-title elementor-size-default\">Un ecosistema que impulsa el futuro de los cuidados<\/h3>\t\t\t\t<\/div>\n\t\t\t\t\t<\/div>\n\t\t\t\t<\/div>\n\t\t<div class=\"elementor-element elementor-element-17055c0b e-flex e-con-boxed e-con e-parent\" data-id=\"17055c0b\" data-element_type=\"container\" data-settings=\"{&quot;background_background&quot;:&quot;classic&quot;}\">\n\t\t\t\t\t<div class=\"e-con-inner\">\n\t\t<div class=\"elementor-element elementor-element-1d1b833f e-con-full e-flex e-con e-child\" data-id=\"1d1b833f\" data-element_type=\"container\">\n\t\t\t\t<div class=\"elementor-element elementor-element-9509ebd elementor-widget elementor-widget-heading\" data-id=\"9509ebd\" data-element_type=\"widget\" data-widget_type=\"heading.default\">\n\t\t\t\t\t<h2 class=\"elementor-heading-title elementor-size-default\">Qui\u00e9nes formamos el Cl\u00faster<\/h2>\t\t\t\t<\/div>\n\t\t\t\t<div class=\"elementor-element elementor-element-64ac6b8e elementor-widget elementor-widget-text-editor\" data-id=\"64ac6b8e\" data-element_type=\"widget\" data-widget_type=\"text-editor.default\">\n\t\t\t\t\t\t\t\t\t<p data-start=\"518\" data-end=\"726\">El <strong data-start=\"521\" data-end=\"607\">Cl\u00faster de los Cuidados de Larga Duraci\u00f3n del Principado de Asturias (Cl\u00faster CLD)<\/strong> es una <strong data-start=\"615\" data-end=\"658\">agrupaci\u00f3n de empresas y organizaciones<\/strong> que representan los distintos eslabones del sector de los cuidados.<\/p><p data-start=\"728\" data-end=\"1017\">Integra <strong data-start=\"736\" data-end=\"785\">entidades prestadoras de servicios de cuidado<\/strong>, junto con <strong data-start=\"797\" data-end=\"956\">empresas y organizaciones vinculadas a la formaci\u00f3n, la innovaci\u00f3n social, el desarrollo de soluciones especializadas y los servicios de apoyo a la gesti\u00f3n<\/strong>, configurando una visi\u00f3n amplia y complementaria del sector.<\/p>\t\t\t\t\t\t\t\t<\/div>\n\t\t\t\t<div class=\"elementor-element elementor-element-e23157a elementor-align-left elementor-mobile-align-center elementor-widget elementor-widget-button\" data-id=\"e23157a\" data-element_type=\"widget\" data-widget_type=\"button.default\">\n\t\t\t\t\t\t\t\t\t\t<a class=\"elementor-button elementor-size-md\" role=\"button\">\n\t\t\t\t\t\t<span class=\"elementor-button-content-wrapper\">\n\t\t\t\t\t\t<span class=\"elementor-button-icon\">\n\t\t\t\t<svg aria-hidden=\"true\" class=\"e-font-icon-svg e-fas-arrow-right\" viewBox=\"0 0 448 512\" xmlns=\"http:\/\/www.w3.org\/2000\/svg\"><path d=\"M190.5 66.9l22.2-22.2c9.4-9.4 24.6-9.4 33.9 0L441 239c9.4 9.4 9.4 24.6 0 33.9L246.6 467.3c-9.4 9.4-24.6 9.4-33.9 0l-22.2-22.2c-9.5-9.5-9.3-25 .4-34.3L311.4 296H24c-13.3 0-24-10.7-24-24v-32c0-13.3 10.7-24 24-24h287.4L190.9 101.2c-9.8-9.3-10-24.8-.4-34.3z\"><\/path><\/svg>\t\t\t<\/span>\n\t\t\t\t\t\t\t\t\t<span class=\"elementor-button-text\">Socios<\/span>\n\t\t\t\t\t<\/span>\n\t\t\t\t\t<\/a>\n\t\t\t\t\t\t\t\t<\/div>\n\t\t\t\t<\/div>\n\t\t<div class=\"elementor-element elementor-element-670e95f5 e-con-full e-flex e-con e-child\" data-id=\"670e95f5\" data-element_type=\"container\">\n\t\t\t\t<div class=\"elementor-element elementor-element-534e046e elementor-widget elementor-widget-image\" data-id=\"534e046e\" data-element_type=\"widget\" data-settings=\"{&quot;motion_fx_motion_fx_scrolling&quot;:&quot;yes&quot;,&quot;motion_fx_translateY_effect&quot;:&quot;yes&quot;,&quot;motion_fx_translateY_speed&quot;:{&quot;unit&quot;:&quot;px&quot;,&quot;size&quot;:&quot;1&quot;,&quot;sizes&quot;:[]},&quot;motion_fx_translateY_affectedRange&quot;:{&quot;unit&quot;:&quot;%&quot;,&quot;size&quot;:&quot;&quot;,&quot;sizes&quot;:{&quot;start&quot;:0,&quot;end&quot;:100}},&quot;motion_fx_devices&quot;:[&quot;desktop&quot;,&quot;tablet&quot;,&quot;mobile&quot;]}\" data-widget_type=\"image.default\">\n\t\t\t\t\t\t\t\t\t\t\t\t\t\t\t<img fetchpriority=\"high\" decoding=\"async\" width=\"1200\" height=\"801\" src=\"https:\/\/clustercld.dfmdevelopers.com\/wp-content\/uploads\/2025\/11\/Cluster-7.jpg\" class=\"attachment-full size-full wp-image-452\" alt=\"\" srcset=\"https:\/\/clustercld.dfmdevelopers.com\/wp-content\/uploads\/2025\/11\/Cluster-7.jpg 1200w, https:\/\/clustercld.dfmdevelopers.com\/wp-content\/uploads\/2025\/11\/Cluster-7-300x200.jpg 300w, https:\/\/clustercld.dfmdevelopers.com\/wp-content\/uploads\/2025\/11\/Cluster-7-1024x684.jpg 1024w, https:\/\/clustercld.dfmdevelopers.com\/wp-content\/uploads\/2025\/11\/Cluster-7-768x513.jpg 768w\" sizes=\"(max-width: 1200px) 100vw, 1200px\" \/>\t\t\t\t\t\t\t\t\t\t\t\t\t\t\t<\/div>\n\t\t\t\t<\/div>\n\t\t\t\t\t<\/div>\n\t\t\t\t<\/div>\n\t\t<div class=\"elementor-element elementor-element-6b4dce04 e-flex e-con-boxed e-con e-parent\" data-id=\"6b4dce04\" data-element_type=\"container\" data-settings=\"{&quot;background_background&quot;:&quot;classic&quot;}\">\n\t\t\t\t\t<div class=\"e-con-inner\">\n\t\t<div class=\"elementor-element elementor-element-18928e24 e-con-full e-flex e-con e-child\" data-id=\"18928e24\" data-element_type=\"container\" data-settings=\"{&quot;background_background&quot;:&quot;classic&quot;,&quot;motion_fx_motion_fx_scrolling&quot;:&quot;yes&quot;,&quot;motion_fx_translateY_effect&quot;:&quot;yes&quot;,&quot;motion_fx_translateY_speed&quot;:{&quot;unit&quot;:&quot;px&quot;,&quot;size&quot;:&quot;1.5&quot;,&quot;sizes&quot;:[]},&quot;motion_fx_translateY_affectedRange&quot;:{&quot;unit&quot;:&quot;%&quot;,&quot;size&quot;:&quot;&quot;,&quot;sizes&quot;:{&quot;start&quot;:0,&quot;end&quot;:100}},&quot;motion_fx_devices&quot;:[&quot;desktop&quot;,&quot;tablet&quot;,&quot;mobile&quot;]}\">\n\t\t<div class=\"elementor-element elementor-element-1e57519b e-con-full e-flex e-con e-child\" data-id=\"1e57519b\" data-element_type=\"container\" data-settings=\"{&quot;background_background&quot;:&quot;classic&quot;}\">\n\t\t\t\t<div class=\"elementor-element elementor-element-584a7a0b elementor-widget elementor-widget-heading\" data-id=\"584a7a0b\" data-element_type=\"widget\" data-widget_type=\"heading.default\">\n\t\t\t\t\t<h4 class=\"elementor-heading-title elementor-size-default\">Colaboramos de forma activa<\/h4>\t\t\t\t<\/div>\n\t\t\t\t<div class=\"elementor-element elementor-element-29dd36aa elementor-widget elementor-widget-text-editor\" data-id=\"29dd36aa\" data-element_type=\"widget\" data-widget_type=\"text-editor.default\">\n\t\t\t\t\t\t\t\t\t<p data-start=\"700\" data-end=\"885\">Fomentamos la cooperaci\u00f3n entre empresas y organizaciones a lo largo de toda la cadena de valor, creando sinergias que permiten abordar los retos del sector desde una visi\u00f3n compartida.<\/p>\t\t\t\t\t\t\t\t<\/div>\n\t\t\t\t<\/div>\n\t\t<div class=\"elementor-element elementor-element-12dbcc51 e-con-full e-flex e-con e-child\" data-id=\"12dbcc51\" data-element_type=\"container\" data-settings=\"{&quot;background_background&quot;:&quot;classic&quot;}\">\n\t\t\t\t<div class=\"elementor-element elementor-element-6d39c3bc elementor-widget elementor-widget-heading\" data-id=\"6d39c3bc\" data-element_type=\"widget\" data-widget_type=\"heading.default\">\n\t\t\t\t\t<h4 class=\"elementor-heading-title elementor-size-default\">Impulsamos proyectos conjuntos<\/h4>\t\t\t\t<\/div>\n\t\t\t\t<div class=\"elementor-element elementor-element-48bc3d56 elementor-widget elementor-widget-text-editor\" data-id=\"48bc3d56\" data-element_type=\"widget\" data-widget_type=\"text-editor.default\">\n\t\t\t\t\t\t\t\t\t<p>Facilitamos la creaci\u00f3n de proyectos colaborativos en \u00e1mbitos como la innovaci\u00f3n social, la profesionalizaci\u00f3n, la mejora de la gesti\u00f3n y el desarrollo de nuevos modelos de cuidado.<\/p>\t\t\t\t\t\t\t\t<\/div>\n\t\t\t\t<\/div>\n\t\t<div class=\"elementor-element elementor-element-50f380c8 e-con-full e-flex e-con e-child\" data-id=\"50f380c8\" data-element_type=\"container\" data-settings=\"{&quot;background_background&quot;:&quot;classic&quot;}\">\n\t\t\t\t<div class=\"elementor-element elementor-element-560b27af elementor-widget elementor-widget-heading\" data-id=\"560b27af\" data-element_type=\"widget\" data-widget_type=\"heading.default\">\n\t\t\t\t\t<h4 class=\"elementor-heading-title elementor-size-default\">Compartimos conocimiento<\/h4>\t\t\t\t<\/div>\n\t\t\t\t<div class=\"elementor-element elementor-element-661a7720 elementor-widget elementor-widget-text-editor\" data-id=\"661a7720\" data-element_type=\"widget\" data-widget_type=\"text-editor.default\">\n\t\t\t\t\t\t\t\t\t<p>Promovemos el intercambio de experiencias, buenas pr\u00e1cticas y aprendizaje continuo, fortaleciendo las capacidades de las entidades que forman parte del Cl\u00faster.<\/p>\t\t\t\t\t\t\t\t<\/div>\n\t\t\t\t<\/div>\n\t\t<div class=\"elementor-element elementor-element-2e631647 e-con-full e-flex e-con e-child\" data-id=\"2e631647\" data-element_type=\"container\" data-settings=\"{&quot;background_background&quot;:&quot;classic&quot;}\">\n\t\t\t\t<div class=\"elementor-element elementor-element-9882612 elementor-widget elementor-widget-heading\" data-id=\"9882612\" data-element_type=\"widget\" data-widget_type=\"heading.default\">\n\t\t\t\t\t<h4 class=\"elementor-heading-title elementor-size-default\">Construimos futuro<\/h4>\t\t\t\t<\/div>\n\t\t\t\t<div class=\"elementor-element elementor-element-5ead4aa8 elementor-widget elementor-widget-text-editor\" data-id=\"5ead4aa8\" data-element_type=\"widget\" data-widget_type=\"text-editor.default\">\n\t\t\t\t\t\t\t\t\t<p>Trabajamos con una visi\u00f3n a largo plazo, orientada a la sostenibilidad del sector, la mejora de la calidad de los cuidados y la adaptaci\u00f3n a las nuevas necesidades sociales.<\/p>\t\t\t\t\t\t\t\t<\/div>\n\t\t\t\t<\/div>\n\t\t\t\t<\/div>\n\t\t<div class=\"elementor-element elementor-element-59c4f8d8 e-con-full e-flex e-con e-child\" data-id=\"59c4f8d8\" data-element_type=\"container\">\n\t\t\t\t<div class=\"elementor-element elementor-element-752ee0be elementor-widget elementor-widget-heading\" data-id=\"752ee0be\" data-element_type=\"widget\" data-widget_type=\"heading.default\">\n\t\t\t\t\t<h3 class=\"elementor-heading-title elementor-size-default\">Colaboraci\u00f3n, innovaci\u00f3n y desarrollo<\/h3>\t\t\t\t<\/div>\n\t\t\t\t<div class=\"elementor-element elementor-element-31fe3fae elementor-widget elementor-widget-heading\" data-id=\"31fe3fae\" data-element_type=\"widget\" data-settings=\"{&quot;motion_fx_motion_fx_scrolling&quot;:&quot;yes&quot;,&quot;motion_fx_translateY_effect&quot;:&quot;yes&quot;,&quot;motion_fx_translateY_speed&quot;:{&quot;unit&quot;:&quot;px&quot;,&quot;size&quot;:&quot;0.5&quot;,&quot;sizes&quot;:[]},&quot;motion_fx_translateY_affectedRange&quot;:{&quot;unit&quot;:&quot;%&quot;,&quot;size&quot;:&quot;&quot;,&quot;sizes&quot;:{&quot;start&quot;:&quot;0&quot;,&quot;end&quot;:&quot;50&quot;}},&quot;motion_fx_opacity_effect&quot;:&quot;yes&quot;,&quot;motion_fx_opacity_range&quot;:{&quot;unit&quot;:&quot;%&quot;,&quot;size&quot;:&quot;&quot;,&quot;sizes&quot;:{&quot;start&quot;:&quot;0&quot;,&quot;end&quot;:&quot;50&quot;}},&quot;motion_fx_opacity_direction&quot;:&quot;out-in&quot;,&quot;motion_fx_opacity_level&quot;:{&quot;unit&quot;:&quot;px&quot;,&quot;size&quot;:10,&quot;sizes&quot;:[]},&quot;motion_fx_devices&quot;:[&quot;desktop&quot;,&quot;tablet&quot;,&quot;mobile&quot;]}\" data-widget_type=\"heading.default\">\n\t\t\t\t\t<h2 class=\"elementor-heading-title elementor-size-default\">C\u00f3mo trabajamos<\/h2>\t\t\t\t<\/div>\n\t\t\t\t<div class=\"elementor-element elementor-element-3a2a2538 elementor-widget elementor-widget-text-editor\" data-id=\"3a2a2538\" data-element_type=\"widget\" data-widget_type=\"text-editor.default\">\n\t\t\t\t\t\t\t\t\t<p data-start=\"288\" data-end=\"453\">El <strong data-start=\"291\" data-end=\"306\">Cl\u00faster CLD<\/strong> funciona como un <strong data-start=\"324\" data-end=\"359\">espacio de colaboraci\u00f3n estable<\/strong>, donde empresas y organizaciones asociadas comparten conocimiento, experiencia y capacidades.<\/p><p data-start=\"455\" data-end=\"642\">A trav\u00e9s del trabajo conjunto se promueven iniciativas que fortalecen el sector, impulsan la innovaci\u00f3n y favorecen un desarrollo sostenible de los cuidados de larga duraci\u00f3n en Asturias.<\/p>\t\t\t\t\t\t\t\t<\/div>\n\t\t\t\t<\/div>\n\t\t\t\t<div class=\"elementor-element elementor-element-44a5562e elementor-widget__width-inherit elementor-widget elementor-widget-menu-anchor\" data-id=\"44a5562e\" data-element_type=\"widget\" data-widget_type=\"menu-anchor.default\">\n\t\t\t\t\t\t\t<div class=\"elementor-menu-anchor\" id=\"team\"><\/div>\n\t\t\t\t\t\t<\/div>\n\t\t\t\t\t<\/div>\n\t\t\t\t<\/div>\n\t\t<div class=\"elementor-element elementor-element-9262204 e-flex e-con-boxed e-con e-parent\" data-id=\"9262204\" data-element_type=\"container\" data-settings=\"{&quot;background_background&quot;:&quot;classic&quot;}\">\n\t\t\t\t\t<div class=\"e-con-inner\">\n\t\t<div class=\"elementor-element elementor-element-7b09615 e-con-full e-flex e-con e-child\" data-id=\"7b09615\" data-element_type=\"container\">\n\t\t\t\t<div class=\"elementor-element elementor-element-d9a2b72 elementor-widget elementor-widget-heading\" data-id=\"d9a2b72\" data-element_type=\"widget\" data-widget_type=\"heading.default\">\n\t\t\t\t\t<h3 class=\"elementor-heading-title elementor-size-default\">Reconocer y reforzar el papel de los cuidados<\/h3>\t\t\t\t<\/div>\n\t\t\t\t<div class=\"elementor-element elementor-element-8f27f2c elementor-widget elementor-widget-heading\" data-id=\"8f27f2c\" data-element_type=\"widget\" data-widget_type=\"heading.default\">\n\t\t\t\t\t<h2 class=\"elementor-heading-title elementor-size-default\">El valor del sector de los cuidados<\/h2>\t\t\t\t<\/div>\n\t\t\t\t<div class=\"elementor-element elementor-element-8e845cf elementor-widget elementor-widget-text-editor\" data-id=\"8e845cf\" data-element_type=\"widget\" data-widget_type=\"text-editor.default\">\n\t\t\t\t\t\t\t\t\t<p data-start=\"447\" data-end=\"670\">El Cl\u00faster CLD trabaja para <strong data-start=\"475\" data-end=\"537\">poner en valor el sector de los Cuidados de Larga Duraci\u00f3n<\/strong>, destacando su contribuci\u00f3n esencial al bienestar de las personas y su papel estrat\u00e9gico en el contexto social y demogr\u00e1fico actual.<\/p><p data-start=\"672\" data-end=\"914\">Desde esta perspectiva, se impulsa una mayor <strong data-start=\"717\" data-end=\"760\">visibilidad y reconocimiento del sector<\/strong>, trasladando a la sociedad la importancia de los cuidados como actividad profesional, generadora de empleo y clave para la cohesi\u00f3n social y territorial.<\/p><p data-start=\"916\" data-end=\"1171\">El Cl\u00faster act\u00faa como altavoz del sector, contribuyendo a <strong data-start=\"974\" data-end=\"1018\">dignificar la labor de los profesionales<\/strong>, reforzar su reconocimiento p\u00fablico y situar a los cuidados de larga duraci\u00f3n como un \u00e1mbito prioritario en el debate social, institucional y econ\u00f3mico.<\/p>\t\t\t\t\t\t\t\t<\/div>\n\t\t\t\t<div class=\"elementor-element elementor-element-cc56659 elementor-align-left elementor-mobile-align-center elementor-widget elementor-widget-button\" data-id=\"cc56659\" data-element_type=\"widget\" data-widget_type=\"button.default\">\n\t\t\t\t\t\t\t\t\t\t<a class=\"elementor-button elementor-size-md\" role=\"button\">\n\t\t\t\t\t\t<span class=\"elementor-button-content-wrapper\">\n\t\t\t\t\t\t<span class=\"elementor-button-icon\">\n\t\t\t\t<svg aria-hidden=\"true\" class=\"e-font-icon-svg e-fas-arrow-right\" viewBox=\"0 0 448 512\" xmlns=\"http:\/\/www.w3.org\/2000\/svg\"><path d=\"M190.5 66.9l22.2-22.2c9.4-9.4 24.6-9.4 33.9 0L441 239c9.4 9.4 9.4 24.6 0 33.9L246.6 467.3c-9.4 9.4-24.6 9.4-33.9 0l-22.2-22.2c-9.5-9.5-9.3-25 .4-34.3L311.4 296H24c-13.3 0-24-10.7-24-24v-32c0-13.3 10.7-24 24-24h287.4L190.9 101.2c-9.8-9.3-10-24.8-.4-34.3z\"><\/path><\/svg>\t\t\t<\/span>\n\t\t\t\t\t\t\t\t\t<span class=\"elementor-button-text\">Contacto<\/span>\n\t\t\t\t\t<\/span>\n\t\t\t\t\t<\/a>\n\t\t\t\t\t\t\t\t<\/div>\n\t\t\t\t<\/div>\n\t\t<div class=\"elementor-element elementor-element-92e967a e-con-full e-flex e-con e-child\" data-id=\"92e967a\" data-element_type=\"container\">\n\t\t\t\t<div class=\"elementor-element elementor-element-f092e55 elementor-widget elementor-widget-image\" data-id=\"f092e55\" data-element_type=\"widget\" data-settings=\"{&quot;motion_fx_motion_fx_scrolling&quot;:&quot;yes&quot;,&quot;motion_fx_translateY_effect&quot;:&quot;yes&quot;,&quot;motion_fx_translateY_speed&quot;:{&quot;unit&quot;:&quot;px&quot;,&quot;size&quot;:&quot;1&quot;,&quot;sizes&quot;:[]},&quot;motion_fx_translateY_affectedRange&quot;:{&quot;unit&quot;:&quot;%&quot;,&quot;size&quot;:&quot;&quot;,&quot;sizes&quot;:{&quot;start&quot;:0,&quot;end&quot;:100}},&quot;motion_fx_devices&quot;:[&quot;desktop&quot;,&quot;tablet&quot;,&quot;mobile&quot;]}\" data-widget_type=\"image.default\">\n\t\t\t\t\t\t\t\t\t\t\t\t\t\t\t<img decoding=\"async\" width=\"1703\" height=\"1135\" src=\"https:\/\/clustercld.dfmdevelopers.com\/wp-content\/uploads\/2025\/11\/Cluster-5.jpg\" class=\"attachment-full size-full wp-image-414\" alt=\"\" srcset=\"https:\/\/clustercld.dfmdevelopers.com\/wp-content\/uploads\/2025\/11\/Cluster-5.jpg 1703w, https:\/\/clustercld.dfmdevelopers.com\/wp-content\/uploads\/2025\/11\/Cluster-5-300x200.jpg 300w, https:\/\/clustercld.dfmdevelopers.com\/wp-content\/uploads\/2025\/11\/Cluster-5-1024x682.jpg 1024w, https:\/\/clustercld.dfmdevelopers.com\/wp-content\/uploads\/2025\/11\/Cluster-5-768x512.jpg 768w, https:\/\/clustercld.dfmdevelopers.com\/wp-content\/uploads\/2025\/11\/Cluster-5-1536x1024.jpg 1536w\" sizes=\"(max-width: 1703px) 100vw, 1703px\" \/>\t\t\t\t\t\t\t\t\t\t\t\t\t\t\t<\/div>\n\t\t\t\t<\/div>\n\t\t\t\t\t<\/div>\n\t\t\t\t<\/div>\n\t\t<div class=\"elementor-element elementor-element-254cde9 e-flex e-con-boxed e-con e-parent\" data-id=\"254cde9\" data-element_type=\"container\" data-settings=\"{&quot;background_background&quot;:&quot;gradient&quot;,&quot;shape_divider_top&quot;:&quot;waves&quot;}\">\n\t\t\t\t\t<div class=\"e-con-inner\">\n\t\t\t\t<div class=\"elementor-shape elementor-shape-top\" aria-hidden=\"true\" data-negative=\"false\">\n\t\t\t<svg xmlns=\"http:\/\/www.w3.org\/2000\/svg\" viewBox=\"0 0 1000 100\" preserveAspectRatio=\"none\">\n\t<path class=\"elementor-shape-fill\" d=\"M421.9,6.5c22.6-2.5,51.5,0.4,75.5,5.3c23.6,4.9,70.9,23.5,100.5,35.7c75.8,32.2,133.7,44.5,192.6,49.7\n\tc23.6,2.1,48.7,3.5,103.4-2.5c54.7-6,106.2-25.6,106.2-25.6V0H0v30.3c0,0,72,32.6,158.4,30.5c39.2-0.7,92.8-6.7,134-22.4\n\tc21.2-8.1,52.2-18.2,79.7-24.2C399.3,7.9,411.6,7.5,421.9,6.5z\"\/>\n<\/svg>\t\t<\/div>\n\t\t<div class=\"elementor-element elementor-element-d4f32a0 e-con-full e-flex e-con e-child\" data-id=\"d4f32a0\" data-element_type=\"container\">\n\t\t\t\t<div class=\"elementor-element elementor-element-d591604 elementor-widget elementor-widget-heading\" data-id=\"d591604\" data-element_type=\"widget\" data-widget_type=\"heading.default\">\n\t\t\t\t\t<h4 class=\"elementor-heading-title elementor-size-default\">\u00bfQuieres formar parte del cambio?<\/h4>\t\t\t\t<\/div>\n\t\t\t\t<div class=\"elementor-element elementor-element-4127de8 elementor-widget elementor-widget-heading\" data-id=\"4127de8\" data-element_type=\"widget\" data-widget_type=\"heading.default\">\n\t\t\t\t\t<h2 class=\"elementor-heading-title elementor-size-default\">S\u00famate al Cl\u00faster CLD y colabora en la construcci\u00f3n de un nuevo modelo de cuidados en Asturias: m\u00e1s innovador, m\u00e1s humano y m\u00e1s sostenible.<\/h2>\t\t\t\t<\/div>\n\t\t\t\t<div class=\"elementor-element elementor-element-7d9957d elementor-mobile-align-center elementor-widget elementor-widget-button\" data-id=\"7d9957d\" data-element_type=\"widget\" data-widget_type=\"button.default\">\n\t\t\t\t\t\t\t\t\t\t<a class=\"elementor-button elementor-button-link elementor-size-md\" href=\"https:\/\/clustercld.dfmdevelopers.com\/?page_id=127\">\n\t\t\t\t\t\t<span class=\"elementor-button-content-wrapper\">\n\t\t\t\t\t\t<span class=\"elementor-button-icon\">\n\t\t\t\t<svg aria-hidden=\"true\" class=\"e-font-icon-svg e-fas-arrow-right\" viewBox=\"0 0 448 512\" xmlns=\"http:\/\/www.w3.org\/2000\/svg\"><path d=\"M190.5 66.9l22.2-22.2c9.4-9.4 24.6-9.4 33.9 0L441 239c9.4 9.4 9.4 24.6 0 33.9L246.6 467.3c-9.4 9.4-24.6 9.4-33.9 0l-22.2-22.2c-9.5-9.5-9.3-25 .4-34.3L311.4 296H24c-13.3 0-24-10.7-24-24v-32c0-13.3 10.7-24 24-24h287.4L190.9 101.2c-9.8-9.3-10-24.8-.4-34.3z\"><\/path><\/svg>\t\t\t<\/span>\n\t\t\t\t\t\t\t\t\t<span class=\"elementor-button-text\">Contacta con nosotros<\/span>\n\t\t\t\t\t<\/span>\n\t\t\t\t\t<\/a>\n\t\t\t\t\t\t\t\t<\/div>\n\t\t\t\t<\/div>\n\t\t<div class=\"elementor-element elementor-element-19c48e4 e-con-full e-flex e-con e-child\" data-id=\"19c48e4\" data-element_type=\"container\">\n\t\t\t\t<div class=\"elementor-element elementor-element-59cf6c7 elementor-widget elementor-widget-image\" data-id=\"59cf6c7\" data-element_type=\"widget\" data-widget_type=\"image.default\">\n\t\t\t\t\t\t\t\t\t\t\t\t\t\t\t<img decoding=\"async\" width=\"800\" height=\"800\" src=\"https:\/\/clustercld.dfmdevelopers.com\/wp-content\/uploads\/2025\/12\/Cluster-2-1024x1024.jpg\" class=\"attachment-large size-large wp-image-688\" alt=\"\" srcset=\"https:\/\/clustercld.dfmdevelopers.com\/wp-content\/uploads\/2025\/12\/Cluster-2-1024x1024.jpg 1024w, https:\/\/clustercld.dfmdevelopers.com\/wp-content\/uploads\/2025\/12\/Cluster-2-300x300.jpg 300w, https:\/\/clustercld.dfmdevelopers.com\/wp-content\/uploads\/2025\/12\/Cluster-2-150x150.jpg 150w, https:\/\/clustercld.dfmdevelopers.com\/wp-content\/uploads\/2025\/12\/Cluster-2-768x768.jpg 768w, https:\/\/clustercld.dfmdevelopers.com\/wp-content\/uploads\/2025\/12\/Cluster-2-1536x1536.jpg 1536w, https:\/\/clustercld.dfmdevelopers.com\/wp-content\/uploads\/2025\/12\/Cluster-2.jpg 1953w\" sizes=\"(max-width: 800px) 100vw, 800px\" \/>\t\t\t\t\t\t\t\t\t\t\t\t\t\t\t<\/div>\n\t\t\t\t<\/div>\n\t\t\t\t\t<\/div>\n\t\t\t\t<\/div>\n\t\t\t\t<\/div>\n\t\t","protected":false},"excerpt":{"rendered":"<p>Qui\u00e9nes somos Un ecosistema que impulsa el futuro de los cuidados Qui\u00e9nes formamos el Cl\u00faster El Cl\u00faster de los Cuidados de Larga Duraci\u00f3n del Principado de Asturias (Cl\u00faster CLD) es una agrupaci\u00f3n de empresas y organizaciones que representan los distintos eslabones del sector de los cuidados. Integra entidades prestadoras de servicios de cuidado, junto con [&hellip;]<\/p>\n","protected":false},"author":1,"featured_media":91,"parent":0,"menu_order":0,"comment_status":"closed","ping_status":"closed","template":"elementor_header_footer","meta":{"_acf_changed":false,"footnotes":""},"class_list":["post-75","page","type-page","status-publish","has-post-thumbnail","hentry"],"acf":[],"_links":{"self":[{"href":"https:\/\/clustercld.dfmdevelopers.com\/index.php?rest_route=\/wp\/v2\/pages\/75","targetHints":{"allow":["GET"]}}],"collection":[{"href":"https:\/\/clustercld.dfmdevelopers.com\/index.php?rest_route=\/wp\/v2\/pages"}],"about":[{"href":"https:\/\/clustercld.dfmdevelopers.com\/index.php?rest_route=\/wp\/v2\/types\/page"}],"author":[{"embeddable":true,"href":"https:\/\/clustercld.dfmdevelopers.com\/index.php?rest_route=\/wp\/v2\/users\/1"}],"replies":[{"embeddable":true,"href":"https:\/\/clustercld.dfmdevelopers.com\/index.php?rest_route=%2Fwp%2Fv2%2Fcomments&post=75"}],"version-history":[{"count":52,"href":"https:\/\/clustercld.dfmdevelopers.com\/index.php?rest_route=\/wp\/v2\/pages\/75\/revisions"}],"predecessor-version":[{"id":818,"href":"https:\/\/clustercld.dfmdevelopers.com\/index.php?rest_route=\/wp\/v2\/pages\/75\/revisions\/818"}],"wp:featuredmedia":[{"embeddable":true,"href":"https:\/\/clustercld.dfmdevelopers.com\/index.php?rest_route=\/wp\/v2\/media\/91"}],"wp:attachment":[{"href":"https:\/\/clustercld.dfmdevelopers.com\/index.php?rest_route=%2Fwp%2Fv2%2Fmedia&parent=75"}],"curies":[{"name":"wp","href":"https:\/\/api.w.org\/{rel}","templated":true}]}}